{"id":47,"date":"2015-05-15T14:28:55","date_gmt":"2015-05-15T14:28:55","guid":{"rendered":"http:\/\/bunis.org\/blog\/?page_id=47"},"modified":"2023-06-07T12:39:04","modified_gmt":"2023-06-07T12:39:04","slug":"reportar-palabras-inapropiadas","status":"publish","type":"page","link":"https:\/\/bunis.org\/blog\/info\/reportar-palabras-inapropiadas\/","title":{"rendered":"Reportar webs y palabras inapropiadas"},"content":{"rendered":"<p>Si detectas alguna web inapropiada en los resultados de b\u00fasqueda o crees que el buscador te permite realizar b\u00fasquedas de algua palabra que crees malsonante o inapropiada, h\u00e1znoslo saber a trav\u00e9s del siguiente formulario:<\/p>\n\n<div class=\"wpcf7 no-js\" id=\"wpcf7-f33-o1\" lang=\"es-ES\" dir=\"ltr\">\n<div class=\"screen-reader-response\"><p role=\"status\" aria-live=\"polite\" aria-atomic=\"true\"><\/p> <ul><\/ul><\/div>\n<form action=\"\/blog\/wp-json\/wp\/v2\/pages\/47#wpcf7-f33-o1\" method=\"post\" class=\"wpcf7-form init\" aria-label=\"Formulario de contacto\" novalidate=\"novalidate\" data-status=\"init\">\n<div style=\"display: none;\">\n<input type=\"hidden\" name=\"_wpcf7\" value=\"33\" \/>\n<input type=\"hidden\" name=\"_wpcf7_version\" value=\"5.7.7\" \/>\n<input type=\"hidden\" name=\"_wpcf7_locale\" value=\"es_ES\" \/>\n<input type=\"hidden\" name=\"_wpcf7_unit_tag\" value=\"wpcf7-f33-o1\" \/>\n<input type=\"hidden\" name=\"_wpcf7_container_post\" value=\"0\" \/>\n<input type=\"hidden\" name=\"_wpcf7_posted_data_hash\" value=\"\" \/>\n<input type=\"hidden\" name=\"_wpcf7_recaptcha_response\" value=\"\" \/>\n<\/div>\n<p>Reportar palabra o web\n<\/p>\n<p><span class=\"wpcf7-form-control-wrap\" data-name=\"reportar\"><select class=\"wpcf7-form-control wpcf7-select wpcf7-validates-as-required input-75-100\" aria-required=\"true\" aria-invalid=\"false\" name=\"reportar\"><option value=\"Palabra inapropiada\">Palabra inapropiada<\/option><option value=\"P\u00e1gina web\">P\u00e1gina web<\/option><\/select><\/span>\n<\/p>\n<p>Escribe lo que quieres reportar\n<\/p>\n<p><span class=\"wpcf7-form-control-wrap\" data-name=\"palabra-web\"><input size=\"40\" class=\"wpcf7-form-control wpcf7-text wpcf7-validates-as-required input-75-100\" aria-required=\"true\" aria-invalid=\"false\" value=\"\" type=\"text\" name=\"palabra-web\" \/><\/span>\n<\/p>\n<p>\u00bfQu\u00e9 palabras has buscado para encontrar la web?\n<\/p>\n<p><span class=\"wpcf7-form-control-wrap\" data-name=\"palabras-buscadas\"><input size=\"40\" class=\"wpcf7-form-control wpcf7-text wpcf7-validates-as-required input-75-100\" aria-required=\"true\" aria-invalid=\"false\" value=\"\" type=\"text\" name=\"palabras-buscadas\" \/><\/span>\n<\/p>\n<p>Tu nombre\n<\/p>\n<p><span class=\"wpcf7-form-control-wrap\" data-name=\"nombre\"><input size=\"40\" class=\"wpcf7-form-control wpcf7-text wpcf7-validates-as-required input-75-100\" aria-required=\"true\" aria-invalid=\"false\" value=\"\" type=\"text\" name=\"nombre\" \/><\/span>\n<\/p>\n<p>Tu email\n<\/p>\n<p><span class=\"wpcf7-form-control-wrap\" data-name=\"email\"><input size=\"40\" class=\"wpcf7-form-control wpcf7-text wpcf7-email wpcf7-validates-as-required wpcf7-validates-as-email input-75-100\" aria-required=\"true\" aria-invalid=\"false\" value=\"\" type=\"email\" name=\"email\" \/><\/span>\n<\/p>\n<p>Observaciones\n<\/p>\n<p><span class=\"wpcf7-form-control-wrap\" data-name=\"observaciones\"><textarea cols=\"40\" rows=\"10\" class=\"wpcf7-form-control wpcf7-textarea input-75-100\" aria-invalid=\"false\" name=\"observaciones\"><\/textarea><\/span>\n<\/p>\n<p style=\"margin-top:-20px;\">\n\n<\/p>\n<p style=\"margin-top:20px;\"><input class=\"wpcf7-form-control has-spinner wpcf7-submit\" type=\"submit\" value=\"Enviar\" \/>\n<\/p><div class=\"wpcf7-response-output\" aria-hidden=\"true\"><\/div>\n<\/form>\n<\/div>\n\n","protected":false},"excerpt":{"rendered":"<p>Si detectas alguna web inapropiada en los resultados de b\u00fasqueda o crees que el buscador te permite realizar b\u00fasquedas de algua palabra que crees malsonante o inapropiada, h\u00e1znoslo saber a trav\u00e9s del siguiente formulario:<\/p>\n","protected":false},"author":1,"featured_media":0,"parent":39,"menu_order":0,"comment_status":"closed","ping_status":"open","template":"","meta":[],"yoast_head":"<!-- This site is optimized with the Yoast SEO plugin v20.8 - https:\/\/yoast.com\/wordpress\/plugins\/seo\/ -->\n<title>Reportar webs y palabras inapropiadas | Bunis.org<\/title>\n<meta name=\"description\" content=\"Si detectas alguna web inapropiada o crees que el buscador permite realizar b\u00fasquedas de algua palabra malsonante o inapropiada para ni\u00f1os, h\u00e1znoslo saber\" \/>\n<meta name=\"robots\" content=\"index, follow, max-snippet:-1, max-image-preview:large, max-video-preview:-1\" \/>\n<link rel=\"canonical\" href=\"https:\/\/bunis.org\/blog\/info\/reportar-palabras-inapropiadas\/\" \/>\n<meta property=\"og:locale\" content=\"es_ES\" \/>\n<meta property=\"og:type\" content=\"article\" \/>\n<meta property=\"og:title\" content=\"Reportar webs y palabras inapropiadas | Bunis.org\" \/>\n<meta property=\"og:description\" content=\"Si detectas alguna web inapropiada o crees que el buscador permite realizar b\u00fasquedas de algua palabra malsonante o inapropiada para ni\u00f1os, h\u00e1znoslo saber\" \/>\n<meta property=\"og:url\" content=\"https:\/\/bunis.org\/blog\/info\/reportar-palabras-inapropiadas\/\" \/>\n<meta property=\"og:site_name\" content=\"Bunis.org\" \/>\n<meta property=\"article:publisher\" content=\"https:\/\/www.facebook.com\/bunis.org\" \/>\n<meta property=\"article:modified_time\" content=\"2023-06-07T12:39:04+00:00\" \/>\n<meta name=\"twitter:card\" content=\"summary_large_image\" \/>\n<meta name=\"twitter:site\" content=\"@bunis_org\" \/>\n<meta name=\"twitter:label1\" content=\"Tiempo de lectura\" \/>\n\t<meta name=\"twitter:data1\" content=\"1 minuto\" \/>\n<script type=\"application\/ld+json\" class=\"yoast-schema-graph\">{\"@context\":\"https:\/\/schema.org\",\"@graph\":[{\"@type\":\"WebPage\",\"@id\":\"https:\/\/bunis.org\/blog\/info\/reportar-palabras-inapropiadas\/\",\"url\":\"https:\/\/bunis.org\/blog\/info\/reportar-palabras-inapropiadas\/\",\"name\":\"Reportar webs y palabras inapropiadas | Bunis.org\",\"isPartOf\":{\"@id\":\"https:\/\/bunis.org\/blog\/#website\"},\"datePublished\":\"2015-05-15T14:28:55+00:00\",\"dateModified\":\"2023-06-07T12:39:04+00:00\",\"description\":\"Si detectas alguna web inapropiada o crees que el buscador permite realizar b\u00fasquedas de algua palabra malsonante o inapropiada para ni\u00f1os, h\u00e1znoslo saber\",\"breadcrumb\":{\"@id\":\"https:\/\/bunis.org\/blog\/info\/reportar-palabras-inapropiadas\/#breadcrumb\"},\"inLanguage\":\"es\",\"potentialAction\":[{\"@type\":\"ReadAction\",\"target\":[\"https:\/\/bunis.org\/blog\/info\/reportar-palabras-inapropiadas\/\"]}]},{\"@type\":\"BreadcrumbList\",\"@id\":\"https:\/\/bunis.org\/blog\/info\/reportar-palabras-inapropiadas\/#breadcrumb\",\"itemListElement\":[{\"@type\":\"ListItem\",\"position\":1,\"name\":\"Portada\",\"item\":\"https:\/\/bunis.org\/blog\/\"},{\"@type\":\"ListItem\",\"position\":2,\"name\":\"Informaci\u00f3n\",\"item\":\"https:\/\/bunis.org\/blog\/info\/\"},{\"@type\":\"ListItem\",\"position\":3,\"name\":\"Reportar webs y palabras inapropiadas\"}]},{\"@type\":\"WebSite\",\"@id\":\"https:\/\/bunis.org\/blog\/#website\",\"url\":\"https:\/\/bunis.org\/blog\/\",\"name\":\"Bunis.org\",\"description\":\"El Buscador Seguro para Ni\u00f1os\",\"potentialAction\":[{\"@type\":\"SearchAction\",\"target\":{\"@type\":\"EntryPoint\",\"urlTemplate\":\"https:\/\/bunis.org\/blog\/?s={search_term_string}\"},\"query-input\":\"required name=search_term_string\"}],\"inLanguage\":\"es\"}]}<\/script>\n<!-- \/ Yoast SEO plugin. -->","yoast_head_json":{"title":"Reportar webs y palabras inapropiadas | Bunis.org","description":"Si detectas alguna web inapropiada o crees que el buscador permite realizar b\u00fasquedas de algua palabra malsonante o inapropiada para ni\u00f1os, h\u00e1znoslo saber","robots":{"index":"index","follow":"follow","max-snippet":"max-snippet:-1","max-image-preview":"max-image-preview:large","max-video-preview":"max-video-preview:-1"},"canonical":"https:\/\/bunis.org\/blog\/info\/reportar-palabras-inapropiadas\/","og_locale":"es_ES","og_type":"article","og_title":"Reportar webs y palabras inapropiadas | Bunis.org","og_description":"Si detectas alguna web inapropiada o crees que el buscador permite realizar b\u00fasquedas de algua palabra malsonante o inapropiada para ni\u00f1os, h\u00e1znoslo saber","og_url":"https:\/\/bunis.org\/blog\/info\/reportar-palabras-inapropiadas\/","og_site_name":"Bunis.org","article_publisher":"https:\/\/www.facebook.com\/bunis.org","article_modified_time":"2023-06-07T12:39:04+00:00","twitter_card":"summary_large_image","twitter_site":"@bunis_org","twitter_misc":{"Tiempo de lectura":"1 minuto"},"schema":{"@context":"https:\/\/schema.org","@graph":[{"@type":"WebPage","@id":"https:\/\/bunis.org\/blog\/info\/reportar-palabras-inapropiadas\/","url":"https:\/\/bunis.org\/blog\/info\/reportar-palabras-inapropiadas\/","name":"Reportar webs y palabras inapropiadas | Bunis.org","isPartOf":{"@id":"https:\/\/bunis.org\/blog\/#website"},"datePublished":"2015-05-15T14:28:55+00:00","dateModified":"2023-06-07T12:39:04+00:00","description":"Si detectas alguna web inapropiada o crees que el buscador permite realizar b\u00fasquedas de algua palabra malsonante o inapropiada para ni\u00f1os, h\u00e1znoslo saber","breadcrumb":{"@id":"https:\/\/bunis.org\/blog\/info\/reportar-palabras-inapropiadas\/#breadcrumb"},"inLanguage":"es","potentialAction":[{"@type":"ReadAction","target":["https:\/\/bunis.org\/blog\/info\/reportar-palabras-inapropiadas\/"]}]},{"@type":"BreadcrumbList","@id":"https:\/\/bunis.org\/blog\/info\/reportar-palabras-inapropiadas\/#breadcrumb","itemListElement":[{"@type":"ListItem","position":1,"name":"Portada","item":"https:\/\/bunis.org\/blog\/"},{"@type":"ListItem","position":2,"name":"Informaci\u00f3n","item":"https:\/\/bunis.org\/blog\/info\/"},{"@type":"ListItem","position":3,"name":"Reportar webs y palabras inapropiadas"}]},{"@type":"WebSite","@id":"https:\/\/bunis.org\/blog\/#website","url":"https:\/\/bunis.org\/blog\/","name":"Bunis.org","description":"El Buscador Seguro para Ni\u00f1os","potentialAction":[{"@type":"SearchAction","target":{"@type":"EntryPoint","urlTemplate":"https:\/\/bunis.org\/blog\/?s={search_term_string}"},"query-input":"required name=search_term_string"}],"inLanguage":"es"}]}},"_links":{"self":[{"href":"https:\/\/bunis.org\/blog\/wp-json\/wp\/v2\/pages\/47"}],"collection":[{"href":"https:\/\/bunis.org\/blog\/wp-json\/wp\/v2\/pages"}],"about":[{"href":"https:\/\/bunis.org\/blog\/wp-json\/wp\/v2\/types\/page"}],"author":[{"embeddable":true,"href":"https:\/\/bunis.org\/blog\/wp-json\/wp\/v2\/users\/1"}],"replies":[{"embeddable":true,"href":"https:\/\/bunis.org\/blog\/wp-json\/wp\/v2\/comments?post=47"}],"version-history":[{"count":4,"href":"https:\/\/bunis.org\/blog\/wp-json\/wp\/v2\/pages\/47\/revisions"}],"predecessor-version":[{"id":414,"href":"https:\/\/bunis.org\/blog\/wp-json\/wp\/v2\/pages\/47\/revisions\/414"}],"up":[{"embeddable":true,"href":"https:\/\/bunis.org\/blog\/wp-json\/wp\/v2\/pages\/39"}],"wp:attachment":[{"href":"https:\/\/bunis.org\/blog\/wp-json\/wp\/v2\/media?parent=47"}],"curies":[{"name":"wp","href":"https:\/\/api.w.org\/{rel}","templated":true}]}}