{"id":37,"date":"2015-05-15T14:09:41","date_gmt":"2015-05-15T14:09:41","guid":{"rendered":"http:\/\/bunis.org\/blog\/?page_id=37"},"modified":"2023-06-07T12:36:16","modified_gmt":"2023-06-07T12:36:16","slug":"que-es-bunis","status":"publish","type":"page","link":"https:\/\/bunis.org\/blog\/info\/que-es-bunis\/","title":{"rendered":"\u00bfQu\u00e9 es Bunis.org?"},"content":{"rendered":"<p>Bunis.org es un buscador web bonito, divertido y seguro, cuya principal caracter\u00edstica es su <b>filtro de contenido no apto para menores<\/b>.<\/p>\n<h2>\u00bfC\u00f3mo lo hace?<\/h2>\n<p>El proceso de filtro de resultados de b\u00fasqueda de bunis.org se realiza en cuatro pasos.<\/p>\n<ol>\n<li>Bunis.org mantiene una base de datos con miles de palabras que no son apropiadas para menores. De esta manera, cuando se detecta alguna de ellas en la b\u00fasqueda, \u00e9sta no se realiza. Recuerda, que si detectas alguna palabra inapropiada, tenemos a tu disposici\u00f3n una herramienta para que nos la hagas llegar.<\/li>\n<li>Bunis.org utiliza el motor de <i>Google Custom Search<sup>TM<\/sup><\/i> con tecnolog\u00eda<i>Google SafeSearch<sup>TM<\/sup><\/i>, el cual se ha dise\u00f1ado para excluir sitios que incluyan contenido sexual expl\u00edcito y para eliminarlos de los resultados de b\u00fasqueda. Aunque ning\u00fan filtro es eficaz al 100%, <i>Google SafeSearch<sup>TM<\/sup><\/i> evita que aparezca contenido inadecuado o que preferir\u00edas que tus hijos no encontraran.<\/li>\n<li>Bunis.org mantiene una base de datos con webs de contenido inapropiado, por lo cual, se a\u00f1ade un tercer nivel de seguridad, en el caso de que los dos filtros anteriores no hayan sido suficientes para que la b\u00fasqueda sea apropiada para tus hijos. Si detectas alguna web inapropiada en los resultados de b\u00fasqueda, puedes hac\u00e9rnosla llegar mediante el <a href=\"https:\/\/bunis.org\/info\/reportar-palabras-inapropiadas\/\">siguiente formulario<\/a>.<\/li>\n<li>Para finalizar, Bunis comprueba que en el contenido de los resulados obtenidos no aparezca ning\u00fan t\u00e9rmino de la base de datos de palabras inapropiadas. En tal caso muestra el resultado.<\/li>\n<\/ol>\n<p>El equipo de bunis.org trabaja al m\u00e1ximo para que tus hijos naveguen seguros por la red, pero internet es muy grande, y nunca se est\u00e1 a salvo 100%. Por eso te agradecemos que nos ayudes a mejorar bunis.org <a href=\"https:\/\/bunis.org\/info\/reportar-palabras-inapropiadas\/\">haci\u00e9ndonos llegar webs inapropiadas<\/a> que hayas detectado en tus b\u00fasquedas.<\/p>\n<p>Adem\u00e1s, te aconsejamos que leas nuestra <a href=\"https:\/\/bunis.org\/info\/trucos-seguridad-online\/\">gu\u00eda de seguridad para ni\u00f1os en internet<\/a>. De esta manera tu hijo conocer\u00e1 la forma correcta de usar internet sin sustos ni preocupaciones.<\/p>\n","protected":false},"excerpt":{"rendered":"<p>Bunis.org es un buscador web bonito, divertido y seguro, cuya principal caracter\u00edstica es su filtro de contenido no apto para menores. \u00bfC\u00f3mo lo hace? El proceso de filtro de resultados de b\u00fasqueda de bunis.org se realiza en cuatro pasos. Bunis.org mantiene una base de datos con miles de palabras que no son apropiadas para menores. [&hellip;]<\/p>\n","protected":false},"author":1,"featured_media":0,"parent":39,"menu_order":0,"comment_status":"closed","ping_status":"open","template":"","meta":[],"yoast_head":"<!-- This site is optimized with the Yoast SEO plugin v20.8 - https:\/\/yoast.com\/wordpress\/plugins\/seo\/ -->\n<title>\u00bfQu\u00e9 es Bunis.org? | Bunis.org<\/title>\n<meta name=\"description\" content=\"Bunis.org es un buscador web bonito, divertido y seguro, cuya principal caracter\u00edstica es su filtro de contenido no apto para menores\" \/>\n<meta name=\"robots\" content=\"index, follow, max-snippet:-1, max-image-preview:large, max-video-preview:-1\" \/>\n<link rel=\"canonical\" href=\"https:\/\/bunis.org\/blog\/info\/que-es-bunis\/\" \/>\n<meta property=\"og:locale\" content=\"es_ES\" \/>\n<meta property=\"og:type\" content=\"article\" \/>\n<meta property=\"og:title\" content=\"\u00bfQu\u00e9 es Bunis.org? | Bunis.org\" \/>\n<meta property=\"og:description\" content=\"Bunis.org es un buscador web bonito, divertido y seguro, cuya principal caracter\u00edstica es su filtro de contenido no apto para menores\" \/>\n<meta property=\"og:url\" content=\"https:\/\/bunis.org\/blog\/info\/que-es-bunis\/\" \/>\n<meta property=\"og:site_name\" content=\"Bunis.org\" \/>\n<meta property=\"article:publisher\" content=\"https:\/\/www.facebook.com\/bunis.org\" \/>\n<meta property=\"article:modified_time\" content=\"2023-06-07T12:36:16+00:00\" \/>\n<meta name=\"twitter:card\" content=\"summary_large_image\" \/>\n<meta name=\"twitter:site\" content=\"@bunis_org\" \/>\n<meta name=\"twitter:label1\" content=\"Tiempo de lectura\" \/>\n\t<meta name=\"twitter:data1\" content=\"2 minutos\" \/>\n<script type=\"application\/ld+json\" class=\"yoast-schema-graph\">{\"@context\":\"https:\/\/schema.org\",\"@graph\":[{\"@type\":\"WebPage\",\"@id\":\"https:\/\/bunis.org\/blog\/info\/que-es-bunis\/\",\"url\":\"https:\/\/bunis.org\/blog\/info\/que-es-bunis\/\",\"name\":\"\u00bfQu\u00e9 es Bunis.org? | Bunis.org\",\"isPartOf\":{\"@id\":\"https:\/\/bunis.org\/blog\/#website\"},\"datePublished\":\"2015-05-15T14:09:41+00:00\",\"dateModified\":\"2023-06-07T12:36:16+00:00\",\"description\":\"Bunis.org es un buscador web bonito, divertido y seguro, cuya principal caracter\u00edstica es su filtro de contenido no apto para menores\",\"breadcrumb\":{\"@id\":\"https:\/\/bunis.org\/blog\/info\/que-es-bunis\/#breadcrumb\"},\"inLanguage\":\"es\",\"potentialAction\":[{\"@type\":\"ReadAction\",\"target\":[\"https:\/\/bunis.org\/blog\/info\/que-es-bunis\/\"]}]},{\"@type\":\"BreadcrumbList\",\"@id\":\"https:\/\/bunis.org\/blog\/info\/que-es-bunis\/#breadcrumb\",\"itemListElement\":[{\"@type\":\"ListItem\",\"position\":1,\"name\":\"Portada\",\"item\":\"https:\/\/bunis.org\/blog\/\"},{\"@type\":\"ListItem\",\"position\":2,\"name\":\"Informaci\u00f3n\",\"item\":\"https:\/\/bunis.org\/blog\/info\/\"},{\"@type\":\"ListItem\",\"position\":3,\"name\":\"\u00bfQu\u00e9 es Bunis.org?\"}]},{\"@type\":\"WebSite\",\"@id\":\"https:\/\/bunis.org\/blog\/#website\",\"url\":\"https:\/\/bunis.org\/blog\/\",\"name\":\"Bunis.org\",\"description\":\"El Buscador Seguro para Ni\u00f1os\",\"potentialAction\":[{\"@type\":\"SearchAction\",\"target\":{\"@type\":\"EntryPoint\",\"urlTemplate\":\"https:\/\/bunis.org\/blog\/?s={search_term_string}\"},\"query-input\":\"required name=search_term_string\"}],\"inLanguage\":\"es\"}]}<\/script>\n<!-- \/ Yoast SEO plugin. -->","yoast_head_json":{"title":"\u00bfQu\u00e9 es Bunis.org? | Bunis.org","description":"Bunis.org es un buscador web bonito, divertido y seguro, cuya principal caracter\u00edstica es su filtro de contenido no apto para menores","robots":{"index":"index","follow":"follow","max-snippet":"max-snippet:-1","max-image-preview":"max-image-preview:large","max-video-preview":"max-video-preview:-1"},"canonical":"https:\/\/bunis.org\/blog\/info\/que-es-bunis\/","og_locale":"es_ES","og_type":"article","og_title":"\u00bfQu\u00e9 es Bunis.org? | Bunis.org","og_description":"Bunis.org es un buscador web bonito, divertido y seguro, cuya principal caracter\u00edstica es su filtro de contenido no apto para menores","og_url":"https:\/\/bunis.org\/blog\/info\/que-es-bunis\/","og_site_name":"Bunis.org","article_publisher":"https:\/\/www.facebook.com\/bunis.org","article_modified_time":"2023-06-07T12:36:16+00:00","twitter_card":"summary_large_image","twitter_site":"@bunis_org","twitter_misc":{"Tiempo de lectura":"2 minutos"},"schema":{"@context":"https:\/\/schema.org","@graph":[{"@type":"WebPage","@id":"https:\/\/bunis.org\/blog\/info\/que-es-bunis\/","url":"https:\/\/bunis.org\/blog\/info\/que-es-bunis\/","name":"\u00bfQu\u00e9 es Bunis.org? | Bunis.org","isPartOf":{"@id":"https:\/\/bunis.org\/blog\/#website"},"datePublished":"2015-05-15T14:09:41+00:00","dateModified":"2023-06-07T12:36:16+00:00","description":"Bunis.org es un buscador web bonito, divertido y seguro, cuya principal caracter\u00edstica es su filtro de contenido no apto para menores","breadcrumb":{"@id":"https:\/\/bunis.org\/blog\/info\/que-es-bunis\/#breadcrumb"},"inLanguage":"es","potentialAction":[{"@type":"ReadAction","target":["https:\/\/bunis.org\/blog\/info\/que-es-bunis\/"]}]},{"@type":"BreadcrumbList","@id":"https:\/\/bunis.org\/blog\/info\/que-es-bunis\/#breadcrumb","itemListElement":[{"@type":"ListItem","position":1,"name":"Portada","item":"https:\/\/bunis.org\/blog\/"},{"@type":"ListItem","position":2,"name":"Informaci\u00f3n","item":"https:\/\/bunis.org\/blog\/info\/"},{"@type":"ListItem","position":3,"name":"\u00bfQu\u00e9 es Bunis.org?"}]},{"@type":"WebSite","@id":"https:\/\/bunis.org\/blog\/#website","url":"https:\/\/bunis.org\/blog\/","name":"Bunis.org","description":"El Buscador Seguro para Ni\u00f1os","potentialAction":[{"@type":"SearchAction","target":{"@type":"EntryPoint","urlTemplate":"https:\/\/bunis.org\/blog\/?s={search_term_string}"},"query-input":"required name=search_term_string"}],"inLanguage":"es"}]}},"_links":{"self":[{"href":"https:\/\/bunis.org\/blog\/wp-json\/wp\/v2\/pages\/37"}],"collection":[{"href":"https:\/\/bunis.org\/blog\/wp-json\/wp\/v2\/pages"}],"about":[{"href":"https:\/\/bunis.org\/blog\/wp-json\/wp\/v2\/types\/page"}],"author":[{"embeddable":true,"href":"https:\/\/bunis.org\/blog\/wp-json\/wp\/v2\/users\/1"}],"replies":[{"embeddable":true,"href":"https:\/\/bunis.org\/blog\/wp-json\/wp\/v2\/comments?post=37"}],"version-history":[{"count":4,"href":"https:\/\/bunis.org\/blog\/wp-json\/wp\/v2\/pages\/37\/revisions"}],"predecessor-version":[{"id":411,"href":"https:\/\/bunis.org\/blog\/wp-json\/wp\/v2\/pages\/37\/revisions\/411"}],"up":[{"embeddable":true,"href":"https:\/\/bunis.org\/blog\/wp-json\/wp\/v2\/pages\/39"}],"wp:attachment":[{"href":"https:\/\/bunis.org\/blog\/wp-json\/wp\/v2\/media?parent=37"}],"curies":[{"name":"wp","href":"https:\/\/api.w.org\/{rel}","templated":true}]}}