{"id":35,"date":"2015-05-15T14:00:14","date_gmt":"2015-05-15T14:00:14","guid":{"rendered":"http:\/\/bunis.org\/blog\/?page_id=35"},"modified":"2023-06-07T12:21:52","modified_gmt":"2023-06-07T12:21:52","slug":"hacer-pagina-inicio","status":"publish","type":"page","link":"https:\/\/bunis.org\/blog\/info\/hacer-pagina-inicio\/","title":{"rendered":"\u00bfA\u00fan no tienes bunis.org como p\u00e1gina de inicio?"},"content":{"rendered":"<p>Aqu\u00ed tienes las instrucciones necesarias para hacer de <b>bunis.org<\/b> tu p\u00e1gina de inicio en los navegadores m\u00e1s populares. De esta manera tu hijo podr\u00e1 usar el buscador seguro solamente con iniciar su navegador preferido.<\/p>\n<h2>En tu ordenador<\/h2>\n<hr \/>\n<h3>Internet Explorer<\/h3>\n<ol>\n<li>Click en el icono de <b>Herramientas<\/b>.<\/li>\n<li>Click en <b>Opciones de Internet<\/b>.<\/li>\n<li>Click en la pesta\u00f1a <b>General<\/b>.<\/li>\n<li>Escribe <b>www.bunis.org<\/b> en el campo \u00abP\u00e1gina principal\u00bb.<\/li>\n<li>Click en <b>Aceptar<\/b>.<\/li>\n<\/ol>\n<p><img decoding=\"async\" class=\"alignnone size-large wp-image-34\" src=\"https:\/\/bunis.org\/blog\/wp-content\/uploads\/2015\/05\/internet-explorer-1024x753.png\" alt=\"Internet Explorer - Hacer p\u00e1gina de inicio\" \/><\/p>\n<h3>Mozilla Firefox<\/h3>\n<ol>\n<li>Click en el men\u00fa de <b>Firefox<\/b>.<\/li>\n<li>Click en desplegable Opciones &gt; <b>Opciones<\/b>.<\/li>\n<li>Click en la pesta\u00f1a <b>General<\/b>.<\/li>\n<li>Escribe <b>www.bunis.org<\/b> en el campo \u00abP\u00e1gina de inicio\u00bb.<\/li>\n<li>Click en <b>Aceptar<\/b>.<\/li>\n<\/ol>\n<p><img decoding=\"async\" class=\"alignnone size-large wp-image-36\" src=\"https:\/\/bunis.org\/blog\/wp-content\/uploads\/2015\/05\/firefox-1024x441.png\" alt=\"Mozilla Firefox - Hacer p\u00e1gina de inicio\" \/><\/p>\n<h3>Google Chrome<\/h3>\n<ol>\n<li>Click en men\u00fa de <b>Google Chrome<\/b>.<\/li>\n<li>Click en <b>Configuraci\u00f3n<\/b>.<\/li>\n<li>Click en casilla \u00ab<b>Abrir una p\u00e1gina espec\u00edfica o un conjunto de p\u00e1ginas<\/b>\u00ab.<\/li>\n<li>Click en \u00ab<b>Establecer p\u00e1ginas<\/b>\u00ab.<\/li>\n<li>Escribe <b>www.bunis.org<\/b> en el campo \u00abA\u00f1adir una nueva p\u00e1gina\u00bb.<\/li>\n<li>Click en <b>Aceptar<\/b>.<\/li>\n<\/ol>\n<p><img decoding=\"async\" class=\"alignnone size-large wp-image-35\" src=\"https:\/\/bunis.org\/blog\/wp-content\/uploads\/2015\/05\/chrome-1024x533.png\" alt=\"Google Chrome - Hacer p\u00e1gina de inicio\" \/><\/p>\n<h2>En tu m\u00f3vil o tablet<\/h2>\n<hr \/>\n<p>En smartphones y tablets no es posible hacer de Bunis.org tu p\u00e1gina de inicio. Lo que si puedes es crear un acceso directo en la pantalla de inicio, de esta forma, al hacer click en \u00e9l, acceder\u00e1s a tu navegador predeterminado con Bunis.org.<\/p>\n<h3>Apple: Iphone y Ipad<\/h3>\n<ol>\n<li>Acceder al navegador <b>Safari<\/b>.<\/li>\n<li>Entrar en <b>bunis.org<\/b>.<\/li>\n<li>Click en el bot\u00f3n de <b>compartir<\/b>.<\/li>\n<li>Click en al bot\u00f3n de <b>A\u00f1adir a pantalla de inicio<\/b>.<\/li>\n<li>Click en <b>A\u00f1adir<\/b>.<\/li>\n<\/ol>\n<div style=\"width: 18%; display: inline-block; padding: 10px; text-align: center;\"><img decoding=\"async\" loading=\"lazy\" width=\"320\" height=\"568\" class=\"alignnone size-full wp-image-333\" style=\"border: 5px solid #ccc;\" src=\"https:\/\/bunis.org\/blog\/wp-content\/uploads\/2015\/06\/iphone1.png\" alt=\"P\u00e1gina inicio: iPhone y iPad - 1\" srcset=\"https:\/\/bunis.org\/blog\/wp-content\/uploads\/2015\/06\/iphone1.png 320w, https:\/\/bunis.org\/blog\/wp-content\/uploads\/2015\/06\/iphone1-169x300.png 169w\" sizes=\"(max-width: 320px) 100vw, 320px\" \/><\/div>\n<div style=\"width: 18%; display: inline-block; padding: 10px; text-align: center;\"><img decoding=\"async\" loading=\"lazy\" width=\"320\" height=\"568\" class=\"alignnone size-full wp-image-334\" style=\"border: 5px solid #ccc;\" src=\"https:\/\/bunis.org\/blog\/wp-content\/uploads\/2015\/06\/iphone2.png\" alt=\"P\u00e1gina inicio: iPhone y iPad - 2\" srcset=\"https:\/\/bunis.org\/blog\/wp-content\/uploads\/2015\/06\/iphone2.png 320w, https:\/\/bunis.org\/blog\/wp-content\/uploads\/2015\/06\/iphone2-169x300.png 169w\" sizes=\"(max-width: 320px) 100vw, 320px\" \/><\/div>\n<div style=\"width: 18%; display: inline-block; padding: 10px; text-align: center;\"><img decoding=\"async\" loading=\"lazy\" width=\"320\" height=\"568\" class=\"alignnone size-full wp-image-335\" style=\"border: 5px solid #ccc;\" src=\"https:\/\/bunis.org\/blog\/wp-content\/uploads\/2015\/06\/iphone3.png\" alt=\"P\u00e1gina inicio: iPhone y iPad - 3\" srcset=\"https:\/\/bunis.org\/blog\/wp-content\/uploads\/2015\/06\/iphone3.png 320w, https:\/\/bunis.org\/blog\/wp-content\/uploads\/2015\/06\/iphone3-169x300.png 169w\" sizes=\"(max-width: 320px) 100vw, 320px\" \/><\/div>\n<div style=\"width: 18%; display: inline-block; padding: 10px; text-align: center;\"><img decoding=\"async\" loading=\"lazy\" width=\"320\" height=\"568\" class=\"alignnone size-full wp-image-336\" style=\"border: 5px solid #ccc;\" src=\"https:\/\/bunis.org\/blog\/wp-content\/uploads\/2015\/06\/iphone4.png\" alt=\"P\u00e1gina inicio: iPhone y iPad - 4\" srcset=\"https:\/\/bunis.org\/blog\/wp-content\/uploads\/2015\/06\/iphone4.png 320w, https:\/\/bunis.org\/blog\/wp-content\/uploads\/2015\/06\/iphone4-169x300.png 169w\" sizes=\"(max-width: 320px) 100vw, 320px\" \/><\/div>\n<h3>Android: smartphones y tablets<\/h3>\n<ol>\n<li>Acceder al navegador <b>Google Chrome<\/b>.<\/li>\n<li>Entrar en <b>bunis.org<\/b>.<\/li>\n<li>Click en el bot\u00f3n de <b>men\u00fa<\/b>.<\/li>\n<li>Click en al bot\u00f3n de <b>A\u00f1adir a pantalla de inicio<\/b>.<\/li>\n<li>Click en <b>A\u00f1adir<\/b>.<\/li>\n<\/ol>\n<div style=\"width: 18%; display: inline-block; padding: 10px; text-align: center;\"><img decoding=\"async\" class=\"alignnone size-full wp-image-333\" style=\"border: 5px solid #ccc;\" src=\"https:\/\/bunis.org\/blog\/wp-content\/uploads\/2015\/06\/android1.png\" alt=\"P\u00e1gina inicio: Android smartphones y tablets - 1\" \/><\/div>\n<div style=\"width: 18%; display: inline-block; padding: 10px; text-align: center;\"><img decoding=\"async\" class=\"alignnone size-full wp-image-334\" style=\"border: 5px solid #ccc;\" src=\"https:\/\/bunis.org\/blog\/wp-content\/uploads\/2015\/06\/android2.png\" alt=\"P\u00e1gina inicio: Android smartphones y tablets - 2\" \/><\/div>\n<div style=\"width: 18%; display: inline-block; padding: 10px; text-align: center;\"><img decoding=\"async\" class=\"alignnone size-full wp-image-335\" style=\"border: 5px solid #ccc;\" src=\"https:\/\/bunis.org\/blog\/wp-content\/uploads\/2015\/06\/android3.png\" alt=\"P\u00e1gina inicio: Android smartphones y tablets - 3\" \/><\/div>\n<div style=\"width: 18%; display: inline-block; padding: 10px; text-align: center;\"><img decoding=\"async\" class=\"alignnone size-full wp-image-336\" style=\"border: 5px solid #ccc;\" src=\"https:\/\/bunis.org\/blog\/wp-content\/uploads\/2015\/06\/android4.png\" alt=\"P\u00e1gina inicio: Android smartphones y tablets - 4\" \/><\/div>\n","protected":false},"excerpt":{"rendered":"<p>Aqu\u00ed tienes las instrucciones necesarias para hacer de bunis.org tu p\u00e1gina de inicio en los navegadores m\u00e1s populares. De esta manera tu hijo podr\u00e1 usar el buscador seguro solamente con iniciar su navegador preferido. En tu ordenador Internet Explorer Click en el icono de Herramientas. Click en Opciones de Internet. Click en la pesta\u00f1a General. [&hellip;]<\/p>\n","protected":false},"author":1,"featured_media":0,"parent":39,"menu_order":0,"comment_status":"closed","ping_status":"open","template":"","meta":[],"yoast_head":"<!-- This site is optimized with the Yoast SEO plugin v20.8 - https:\/\/yoast.com\/wordpress\/plugins\/seo\/ -->\n<title>\u00bfA\u00fan no tienes bunis.org como p\u00e1gina de inicio? | Bunis.org<\/title>\n<meta name=\"description\" content=\"Establece bunis.org como p\u00e1gina de inicio. De esta forma, tus hijos podr\u00e1n usar el buscador seguro solamente con iniciar su navegador preferido\" \/>\n<meta name=\"robots\" content=\"index, follow, max-snippet:-1, max-image-preview:large, max-video-preview:-1\" \/>\n<link rel=\"canonical\" href=\"https:\/\/bunis.org\/blog\/info\/hacer-pagina-inicio\/\" \/>\n<meta property=\"og:locale\" content=\"es_ES\" \/>\n<meta property=\"og:type\" content=\"article\" \/>\n<meta property=\"og:title\" content=\"\u00bfA\u00fan no tienes bunis.org como p\u00e1gina de inicio? | Bunis.org\" \/>\n<meta property=\"og:description\" content=\"Establece bunis.org como p\u00e1gina de inicio. De esta forma, tus hijos podr\u00e1n usar el buscador seguro solamente con iniciar su navegador preferido\" \/>\n<meta property=\"og:url\" content=\"https:\/\/bunis.org\/blog\/info\/hacer-pagina-inicio\/\" \/>\n<meta property=\"og:site_name\" content=\"Bunis.org\" \/>\n<meta property=\"article:publisher\" content=\"https:\/\/www.facebook.com\/bunis.org\" \/>\n<meta property=\"article:modified_time\" content=\"2023-06-07T12:21:52+00:00\" \/>\n<meta property=\"og:image\" content=\"https:\/\/bunis.org\/blog\/wp-content\/uploads\/2015\/05\/internet-explorer-1024x753.png\" \/>\n<meta name=\"twitter:card\" content=\"summary_large_image\" \/>\n<meta name=\"twitter:site\" content=\"@bunis_org\" \/>\n<meta name=\"twitter:label1\" content=\"Tiempo de lectura\" \/>\n\t<meta name=\"twitter:data1\" content=\"4 minutos\" \/>\n<script type=\"application\/ld+json\" class=\"yoast-schema-graph\">{\"@context\":\"https:\/\/schema.org\",\"@graph\":[{\"@type\":\"WebPage\",\"@id\":\"https:\/\/bunis.org\/blog\/info\/hacer-pagina-inicio\/\",\"url\":\"https:\/\/bunis.org\/blog\/info\/hacer-pagina-inicio\/\",\"name\":\"\u00bfA\u00fan no tienes bunis.org como p\u00e1gina de inicio? | Bunis.org\",\"isPartOf\":{\"@id\":\"https:\/\/bunis.org\/blog\/#website\"},\"datePublished\":\"2015-05-15T14:00:14+00:00\",\"dateModified\":\"2023-06-07T12:21:52+00:00\",\"description\":\"Establece bunis.org como p\u00e1gina de inicio. De esta forma, tus hijos podr\u00e1n usar el buscador seguro solamente con iniciar su navegador preferido\",\"breadcrumb\":{\"@id\":\"https:\/\/bunis.org\/blog\/info\/hacer-pagina-inicio\/#breadcrumb\"},\"inLanguage\":\"es\",\"potentialAction\":[{\"@type\":\"ReadAction\",\"target\":[\"https:\/\/bunis.org\/blog\/info\/hacer-pagina-inicio\/\"]}]},{\"@type\":\"BreadcrumbList\",\"@id\":\"https:\/\/bunis.org\/blog\/info\/hacer-pagina-inicio\/#breadcrumb\",\"itemListElement\":[{\"@type\":\"ListItem\",\"position\":1,\"name\":\"Portada\",\"item\":\"https:\/\/bunis.org\/blog\/\"},{\"@type\":\"ListItem\",\"position\":2,\"name\":\"Informaci\u00f3n\",\"item\":\"https:\/\/bunis.org\/blog\/info\/\"},{\"@type\":\"ListItem\",\"position\":3,\"name\":\"\u00bfA\u00fan no tienes bunis.org como p\u00e1gina de inicio?\"}]},{\"@type\":\"WebSite\",\"@id\":\"https:\/\/bunis.org\/blog\/#website\",\"url\":\"https:\/\/bunis.org\/blog\/\",\"name\":\"Bunis.org\",\"description\":\"El Buscador Seguro para Ni\u00f1os\",\"potentialAction\":[{\"@type\":\"SearchAction\",\"target\":{\"@type\":\"EntryPoint\",\"urlTemplate\":\"https:\/\/bunis.org\/blog\/?s={search_term_string}\"},\"query-input\":\"required name=search_term_string\"}],\"inLanguage\":\"es\"}]}<\/script>\n<!-- \/ Yoast SEO plugin. -->","yoast_head_json":{"title":"\u00bfA\u00fan no tienes bunis.org como p\u00e1gina de inicio? | Bunis.org","description":"Establece bunis.org como p\u00e1gina de inicio. De esta forma, tus hijos podr\u00e1n usar el buscador seguro solamente con iniciar su navegador preferido","robots":{"index":"index","follow":"follow","max-snippet":"max-snippet:-1","max-image-preview":"max-image-preview:large","max-video-preview":"max-video-preview:-1"},"canonical":"https:\/\/bunis.org\/blog\/info\/hacer-pagina-inicio\/","og_locale":"es_ES","og_type":"article","og_title":"\u00bfA\u00fan no tienes bunis.org como p\u00e1gina de inicio? | Bunis.org","og_description":"Establece bunis.org como p\u00e1gina de inicio. De esta forma, tus hijos podr\u00e1n usar el buscador seguro solamente con iniciar su navegador preferido","og_url":"https:\/\/bunis.org\/blog\/info\/hacer-pagina-inicio\/","og_site_name":"Bunis.org","article_publisher":"https:\/\/www.facebook.com\/bunis.org","article_modified_time":"2023-06-07T12:21:52+00:00","og_image":[{"url":"https:\/\/bunis.org\/blog\/wp-content\/uploads\/2015\/05\/internet-explorer-1024x753.png"}],"twitter_card":"summary_large_image","twitter_site":"@bunis_org","twitter_misc":{"Tiempo de lectura":"4 minutos"},"schema":{"@context":"https:\/\/schema.org","@graph":[{"@type":"WebPage","@id":"https:\/\/bunis.org\/blog\/info\/hacer-pagina-inicio\/","url":"https:\/\/bunis.org\/blog\/info\/hacer-pagina-inicio\/","name":"\u00bfA\u00fan no tienes bunis.org como p\u00e1gina de inicio? | Bunis.org","isPartOf":{"@id":"https:\/\/bunis.org\/blog\/#website"},"datePublished":"2015-05-15T14:00:14+00:00","dateModified":"2023-06-07T12:21:52+00:00","description":"Establece bunis.org como p\u00e1gina de inicio. De esta forma, tus hijos podr\u00e1n usar el buscador seguro solamente con iniciar su navegador preferido","breadcrumb":{"@id":"https:\/\/bunis.org\/blog\/info\/hacer-pagina-inicio\/#breadcrumb"},"inLanguage":"es","potentialAction":[{"@type":"ReadAction","target":["https:\/\/bunis.org\/blog\/info\/hacer-pagina-inicio\/"]}]},{"@type":"BreadcrumbList","@id":"https:\/\/bunis.org\/blog\/info\/hacer-pagina-inicio\/#breadcrumb","itemListElement":[{"@type":"ListItem","position":1,"name":"Portada","item":"https:\/\/bunis.org\/blog\/"},{"@type":"ListItem","position":2,"name":"Informaci\u00f3n","item":"https:\/\/bunis.org\/blog\/info\/"},{"@type":"ListItem","position":3,"name":"\u00bfA\u00fan no tienes bunis.org como p\u00e1gina de inicio?"}]},{"@type":"WebSite","@id":"https:\/\/bunis.org\/blog\/#website","url":"https:\/\/bunis.org\/blog\/","name":"Bunis.org","description":"El Buscador Seguro para Ni\u00f1os","potentialAction":[{"@type":"SearchAction","target":{"@type":"EntryPoint","urlTemplate":"https:\/\/bunis.org\/blog\/?s={search_term_string}"},"query-input":"required name=search_term_string"}],"inLanguage":"es"}]}},"_links":{"self":[{"href":"https:\/\/bunis.org\/blog\/wp-json\/wp\/v2\/pages\/35"}],"collection":[{"href":"https:\/\/bunis.org\/blog\/wp-json\/wp\/v2\/pages"}],"about":[{"href":"https:\/\/bunis.org\/blog\/wp-json\/wp\/v2\/types\/page"}],"author":[{"embeddable":true,"href":"https:\/\/bunis.org\/blog\/wp-json\/wp\/v2\/users\/1"}],"replies":[{"embeddable":true,"href":"https:\/\/bunis.org\/blog\/wp-json\/wp\/v2\/comments?post=35"}],"version-history":[{"count":10,"href":"https:\/\/bunis.org\/blog\/wp-json\/wp\/v2\/pages\/35\/revisions"}],"predecessor-version":[{"id":406,"href":"https:\/\/bunis.org\/blog\/wp-json\/wp\/v2\/pages\/35\/revisions\/406"}],"up":[{"embeddable":true,"href":"https:\/\/bunis.org\/blog\/wp-json\/wp\/v2\/pages\/39"}],"wp:attachment":[{"href":"https:\/\/bunis.org\/blog\/wp-json\/wp\/v2\/media?parent=35"}],"curies":[{"name":"wp","href":"https:\/\/api.w.org\/{rel}","templated":true}]}}