{"id":103,"date":"2015-05-17T10:24:54","date_gmt":"2015-05-17T10:24:54","guid":{"rendered":"http:\/\/bunis.org\/blog\/?page_id=103"},"modified":"2023-06-07T12:39:53","modified_gmt":"2023-06-07T12:39:53","slug":"trucos-seguridad-online","status":"publish","type":"page","link":"https:\/\/bunis.org\/blog\/info\/trucos-seguridad-online\/","title":{"rendered":"Trucos de seguridad online"},"content":{"rendered":"<h2>Para los padres:<\/h2>\n<p><b>Lo que debes tener en cuenta para una mayor seguridad de tus hijos en la red:<\/b><\/p>\n<ul>\n<li>Explica a tu hijo\/a que una contrase\u00f1a jam\u00e1s debe compartirse<\/li>\n<li>Ense\u00f1ale a comunicarse de forma segura y respetuosa<\/li>\n<li>Conoce los servicios de Internet que suele usar tu hijo\/a y dale a conocer nuevos sitios<\/li>\n<li>Advierte a tus hijos\/as los riesgos de facilitar datos personales en la Red<\/li>\n<li>Conoce las amistades de tus hijos\/as en Red<\/li>\n<li>Pacta normas sobre el uso de Internet (tiempo l\u00edmite, servicios visitados&#8230;)<\/li>\n<li>Expl\u00edcale que no todo lo que vemos en la Red es cierto<\/li>\n<li>Sit\u00faa el ordenador en un lugar de uso general en casa<\/li>\n<\/ul>\n<p><a href=\"https:\/\/bunis.org\/blog\/wp-content\/uploads\/2015\/05\/la-seguridad-de-tus-hijos-en-la-red.jpg\" rel=\"prettyphoto\"><img decoding=\"async\" loading=\"lazy\" width=\"724\" height=\"1024\" class=\"alignnone size-large wp-image-105\" src=\"https:\/\/bunis.org\/blog\/wp-content\/uploads\/2015\/05\/la-seguridad-de-tus-hijos-en-la-red-724x1024.jpg\" alt=\"La seguridad de tus hijos en la red\" srcset=\"https:\/\/bunis.org\/blog\/wp-content\/uploads\/2015\/05\/la-seguridad-de-tus-hijos-en-la-red-724x1024.jpg 724w, https:\/\/bunis.org\/blog\/wp-content\/uploads\/2015\/05\/la-seguridad-de-tus-hijos-en-la-red-212x300.jpg 212w, https:\/\/bunis.org\/blog\/wp-content\/uploads\/2015\/05\/la-seguridad-de-tus-hijos-en-la-red-770x1089.jpg 770w, https:\/\/bunis.org\/blog\/wp-content\/uploads\/2015\/05\/la-seguridad-de-tus-hijos-en-la-red-1100x1556.jpg 1100w, https:\/\/bunis.org\/blog\/wp-content\/uploads\/2015\/05\/la-seguridad-de-tus-hijos-en-la-red.jpg 1240w\" sizes=\"(max-width: 724px) 100vw, 724px\" \/><\/a><\/p>\n<h2>Para los hijos:<\/h2>\n<p><b>Para navegar y aprender con seguridad<\/b><\/p>\n<ul>\n<li>No digas en la red tus datos personales<\/li>\n<li>Chatea con tus amigos y amigas, nunca con desconocidos<\/li>\n<li>Tus contrase\u00f1as deben ser secretas, solo pueden saberlas tus padres<\/li>\n<li>Ens\u00e9\u00f1ales a tus padres las p\u00e1ginas que usas<\/li>\n<li>Pide ayuda a tus padres o profes para descargarte los programas que necesites<\/li>\n<li>Los correos de desconocidos pueden ser virus, no los abras<\/li>\n<li>Usa Internet para mejorar en tus asignaturas favoritas<\/li>\n<li>No hagas bromas pesadas por la Red<\/li>\n<\/ul>\n<p><a href=\"https:\/\/bunis.org\/blog\/wp-content\/uploads\/2015\/05\/navega-y-aprende-con-seguridad.jpg\" rel=\"prettyphoto\"><img decoding=\"async\" loading=\"lazy\" width=\"724\" height=\"1024\" class=\"alignnone size-large wp-image-104\" src=\"https:\/\/bunis.org\/blog\/wp-content\/uploads\/2015\/05\/navega-y-aprende-con-seguridad-724x1024.jpg\" alt=\"Navega y aprende con seguridad\" srcset=\"https:\/\/bunis.org\/blog\/wp-content\/uploads\/2015\/05\/navega-y-aprende-con-seguridad-724x1024.jpg 724w, https:\/\/bunis.org\/blog\/wp-content\/uploads\/2015\/05\/navega-y-aprende-con-seguridad-212x300.jpg 212w, https:\/\/bunis.org\/blog\/wp-content\/uploads\/2015\/05\/navega-y-aprende-con-seguridad-770x1089.jpg 770w, https:\/\/bunis.org\/blog\/wp-content\/uploads\/2015\/05\/navega-y-aprende-con-seguridad-1100x1556.jpg 1100w, https:\/\/bunis.org\/blog\/wp-content\/uploads\/2015\/05\/navega-y-aprende-con-seguridad.jpg 1240w\" sizes=\"(max-width: 724px) 100vw, 724px\" \/><\/a><\/p>\n<h2>Para los profes:<\/h2>\n<p><b>Como enfocar las TIC en el aula<\/b><\/p>\n<ul>\n<li>Conoce los diferentes intereses de tus alumnos\/as, seg\u00fan las edades<\/li>\n<li>Pacta con los padres las reglas de uso de Internet en clase<\/li>\n<li>Trabaja con tus alumnos\/as en la creaci\u00f3n de contenidos multimedia<\/li>\n<li>Cuida la confianza con tus alumnos\/as, respeta su privacidad en la Red<\/li>\n<li>Fomenta el uso de los recursos interactivos del aula, como la PDI<\/li>\n<li>Usa un Blog para compartir el trabajo del aula<\/li>\n<li>Ense\u00f1a a usar los buscadores y a ser cr\u00edtico a la hora de seleccionar la informaci\u00f3n<\/li>\n<li>Haz que tus alumnos\/as respeten la privacidad y los derechos de los dem\u00e1s<\/li>\n<\/ul>\n<p><a href=\"https:\/\/bunis.org\/blog\/wp-content\/uploads\/2015\/05\/las-tic-en-el-aula.jpg\" rel=\"prettyphoto\"><img decoding=\"async\" loading=\"lazy\" width=\"724\" height=\"1024\" class=\"alignnone size-large wp-image-106\" src=\"https:\/\/bunis.org\/blog\/wp-content\/uploads\/2015\/05\/las-tic-en-el-aula-724x1024.jpg\" alt=\"Las TIC en el aula\" srcset=\"https:\/\/bunis.org\/blog\/wp-content\/uploads\/2015\/05\/las-tic-en-el-aula-724x1024.jpg 724w, https:\/\/bunis.org\/blog\/wp-content\/uploads\/2015\/05\/las-tic-en-el-aula-212x300.jpg 212w, https:\/\/bunis.org\/blog\/wp-content\/uploads\/2015\/05\/las-tic-en-el-aula-770x1089.jpg 770w, https:\/\/bunis.org\/blog\/wp-content\/uploads\/2015\/05\/las-tic-en-el-aula-1100x1556.jpg 1100w, https:\/\/bunis.org\/blog\/wp-content\/uploads\/2015\/05\/las-tic-en-el-aula.jpg 1240w\" sizes=\"(max-width: 724px) 100vw, 724px\" \/><\/a><\/p>\n<p style=\"text-align: right;\"><small>Fuente: <a href=\"https:\/\/www.flickr.com\/photos\/60450410@N08\/\" target=\"_blank\" rel=\"noopener\">Guadalinfo<\/a><\/small><\/p>\n","protected":false},"excerpt":{"rendered":"<p>Para los padres: Lo que debes tener en cuenta para una mayor seguridad de tus hijos en la red: Explica a tu hijo\/a que una contrase\u00f1a jam\u00e1s debe compartirse Ense\u00f1ale a comunicarse de forma segura y respetuosa Conoce los servicios de Internet que suele usar tu hijo\/a y dale a conocer nuevos sitios Advierte a [&hellip;]<\/p>\n","protected":false},"author":1,"featured_media":0,"parent":39,"menu_order":0,"comment_status":"closed","ping_status":"open","template":"","meta":[],"yoast_head":"<!-- This site is optimized with the Yoast SEO plugin v20.8 - https:\/\/yoast.com\/wordpress\/plugins\/seo\/ -->\n<title>Trucos de seguridad online | Bunis.org<\/title>\n<meta name=\"description\" content=\"Te ofrecemos una serie de consejos que deber\u00edas llevar a cabo para establecer buenas pr\u00e1cticas en el uso de Internet junto con tus hijos o alumnos\" \/>\n<meta name=\"robots\" content=\"index, follow, max-snippet:-1, max-image-preview:large, max-video-preview:-1\" \/>\n<link rel=\"canonical\" href=\"https:\/\/bunis.org\/blog\/info\/trucos-seguridad-online\/\" \/>\n<meta property=\"og:locale\" content=\"es_ES\" \/>\n<meta property=\"og:type\" content=\"article\" \/>\n<meta property=\"og:title\" content=\"Trucos de seguridad online | Bunis.org\" \/>\n<meta property=\"og:description\" content=\"Te ofrecemos una serie de consejos que deber\u00edas llevar a cabo para establecer buenas pr\u00e1cticas en el uso de Internet junto con tus hijos o alumnos\" \/>\n<meta property=\"og:url\" content=\"https:\/\/bunis.org\/blog\/info\/trucos-seguridad-online\/\" \/>\n<meta property=\"og:site_name\" content=\"Bunis.org\" \/>\n<meta property=\"article:publisher\" content=\"https:\/\/www.facebook.com\/bunis.org\" \/>\n<meta property=\"article:modified_time\" content=\"2023-06-07T12:39:53+00:00\" \/>\n<meta property=\"og:image\" content=\"https:\/\/bunis.org\/blog\/wp-content\/uploads\/2015\/05\/la-seguridad-de-tus-hijos-en-la-red-724x1024.jpg\" \/>\n<meta name=\"twitter:card\" content=\"summary_large_image\" \/>\n<meta name=\"twitter:site\" content=\"@bunis_org\" \/>\n<meta name=\"twitter:label1\" content=\"Tiempo de lectura\" \/>\n\t<meta name=\"twitter:data1\" content=\"2 minutos\" \/>\n<script type=\"application\/ld+json\" class=\"yoast-schema-graph\">{\"@context\":\"https:\/\/schema.org\",\"@graph\":[{\"@type\":\"WebPage\",\"@id\":\"https:\/\/bunis.org\/blog\/info\/trucos-seguridad-online\/\",\"url\":\"https:\/\/bunis.org\/blog\/info\/trucos-seguridad-online\/\",\"name\":\"Trucos de seguridad online | Bunis.org\",\"isPartOf\":{\"@id\":\"https:\/\/bunis.org\/blog\/#website\"},\"datePublished\":\"2015-05-17T10:24:54+00:00\",\"dateModified\":\"2023-06-07T12:39:53+00:00\",\"description\":\"Te ofrecemos una serie de consejos que deber\u00edas llevar a cabo para establecer buenas pr\u00e1cticas en el uso de Internet junto con tus hijos o alumnos\",\"breadcrumb\":{\"@id\":\"https:\/\/bunis.org\/blog\/info\/trucos-seguridad-online\/#breadcrumb\"},\"inLanguage\":\"es\",\"potentialAction\":[{\"@type\":\"ReadAction\",\"target\":[\"https:\/\/bunis.org\/blog\/info\/trucos-seguridad-online\/\"]}]},{\"@type\":\"BreadcrumbList\",\"@id\":\"https:\/\/bunis.org\/blog\/info\/trucos-seguridad-online\/#breadcrumb\",\"itemListElement\":[{\"@type\":\"ListItem\",\"position\":1,\"name\":\"Portada\",\"item\":\"https:\/\/bunis.org\/blog\/\"},{\"@type\":\"ListItem\",\"position\":2,\"name\":\"Informaci\u00f3n\",\"item\":\"https:\/\/bunis.org\/blog\/info\/\"},{\"@type\":\"ListItem\",\"position\":3,\"name\":\"Trucos de seguridad online\"}]},{\"@type\":\"WebSite\",\"@id\":\"https:\/\/bunis.org\/blog\/#website\",\"url\":\"https:\/\/bunis.org\/blog\/\",\"name\":\"Bunis.org\",\"description\":\"El Buscador Seguro para Ni\u00f1os\",\"potentialAction\":[{\"@type\":\"SearchAction\",\"target\":{\"@type\":\"EntryPoint\",\"urlTemplate\":\"https:\/\/bunis.org\/blog\/?s={search_term_string}\"},\"query-input\":\"required name=search_term_string\"}],\"inLanguage\":\"es\"}]}<\/script>\n<!-- \/ Yoast SEO plugin. -->","yoast_head_json":{"title":"Trucos de seguridad online | Bunis.org","description":"Te ofrecemos una serie de consejos que deber\u00edas llevar a cabo para establecer buenas pr\u00e1cticas en el uso de Internet junto con tus hijos o alumnos","robots":{"index":"index","follow":"follow","max-snippet":"max-snippet:-1","max-image-preview":"max-image-preview:large","max-video-preview":"max-video-preview:-1"},"canonical":"https:\/\/bunis.org\/blog\/info\/trucos-seguridad-online\/","og_locale":"es_ES","og_type":"article","og_title":"Trucos de seguridad online | Bunis.org","og_description":"Te ofrecemos una serie de consejos que deber\u00edas llevar a cabo para establecer buenas pr\u00e1cticas en el uso de Internet junto con tus hijos o alumnos","og_url":"https:\/\/bunis.org\/blog\/info\/trucos-seguridad-online\/","og_site_name":"Bunis.org","article_publisher":"https:\/\/www.facebook.com\/bunis.org","article_modified_time":"2023-06-07T12:39:53+00:00","og_image":[{"url":"https:\/\/bunis.org\/blog\/wp-content\/uploads\/2015\/05\/la-seguridad-de-tus-hijos-en-la-red-724x1024.jpg"}],"twitter_card":"summary_large_image","twitter_site":"@bunis_org","twitter_misc":{"Tiempo de lectura":"2 minutos"},"schema":{"@context":"https:\/\/schema.org","@graph":[{"@type":"WebPage","@id":"https:\/\/bunis.org\/blog\/info\/trucos-seguridad-online\/","url":"https:\/\/bunis.org\/blog\/info\/trucos-seguridad-online\/","name":"Trucos de seguridad online | Bunis.org","isPartOf":{"@id":"https:\/\/bunis.org\/blog\/#website"},"datePublished":"2015-05-17T10:24:54+00:00","dateModified":"2023-06-07T12:39:53+00:00","description":"Te ofrecemos una serie de consejos que deber\u00edas llevar a cabo para establecer buenas pr\u00e1cticas en el uso de Internet junto con tus hijos o alumnos","breadcrumb":{"@id":"https:\/\/bunis.org\/blog\/info\/trucos-seguridad-online\/#breadcrumb"},"inLanguage":"es","potentialAction":[{"@type":"ReadAction","target":["https:\/\/bunis.org\/blog\/info\/trucos-seguridad-online\/"]}]},{"@type":"BreadcrumbList","@id":"https:\/\/bunis.org\/blog\/info\/trucos-seguridad-online\/#breadcrumb","itemListElement":[{"@type":"ListItem","position":1,"name":"Portada","item":"https:\/\/bunis.org\/blog\/"},{"@type":"ListItem","position":2,"name":"Informaci\u00f3n","item":"https:\/\/bunis.org\/blog\/info\/"},{"@type":"ListItem","position":3,"name":"Trucos de seguridad online"}]},{"@type":"WebSite","@id":"https:\/\/bunis.org\/blog\/#website","url":"https:\/\/bunis.org\/blog\/","name":"Bunis.org","description":"El Buscador Seguro para Ni\u00f1os","potentialAction":[{"@type":"SearchAction","target":{"@type":"EntryPoint","urlTemplate":"https:\/\/bunis.org\/blog\/?s={search_term_string}"},"query-input":"required name=search_term_string"}],"inLanguage":"es"}]}},"_links":{"self":[{"href":"https:\/\/bunis.org\/blog\/wp-json\/wp\/v2\/pages\/103"}],"collection":[{"href":"https:\/\/bunis.org\/blog\/wp-json\/wp\/v2\/pages"}],"about":[{"href":"https:\/\/bunis.org\/blog\/wp-json\/wp\/v2\/types\/page"}],"author":[{"embeddable":true,"href":"https:\/\/bunis.org\/blog\/wp-json\/wp\/v2\/users\/1"}],"replies":[{"embeddable":true,"href":"https:\/\/bunis.org\/blog\/wp-json\/wp\/v2\/comments?post=103"}],"version-history":[{"count":17,"href":"https:\/\/bunis.org\/blog\/wp-json\/wp\/v2\/pages\/103\/revisions"}],"predecessor-version":[{"id":415,"href":"https:\/\/bunis.org\/blog\/wp-json\/wp\/v2\/pages\/103\/revisions\/415"}],"up":[{"embeddable":true,"href":"https:\/\/bunis.org\/blog\/wp-json\/wp\/v2\/pages\/39"}],"wp:attachment":[{"href":"https:\/\/bunis.org\/blog\/wp-json\/wp\/v2\/media?parent=103"}],"curies":[{"name":"wp","href":"https:\/\/api.w.org\/{rel}","templated":true}]}}